{"id":301,"date":"2019-06-16T21:58:51","date_gmt":"2019-06-16T19:58:51","guid":{"rendered":"http:\/\/hundetreff.eu\/?page_id=301"},"modified":"2024-02-24T21:25:28","modified_gmt":"2024-02-24T20:25:28","slug":"interessante-links","status":"publish","type":"page","link":"https:\/\/hundetreff.eu\/index.php\/interessante-links\/","title":{"rendered":"Interessante Links"},"content":{"rendered":"\t\t<div data-elementor-type=\"wp-post\" data-elementor-id=\"301\" class=\"elementor elementor-301\">\n\t\t\t\t\t\t<section class=\"elementor-section elementor-top-section elementor-element elementor-element-406c1db elementor-section-boxed elementor-section-height-default elementor-section-height-default\" data-id=\"406c1db\" data-element_type=\"section\" data-e-type=\"section\">\n\t\t\t\t\t\t<div class=\"elementor-container elementor-column-gap-default\">\n\t\t\t\t\t<div class=\"elementor-column elementor-col-50 elementor-top-column elementor-element elementor-element-d138c95\" data-id=\"d138c95\" data-element_type=\"column\" data-e-type=\"column\">\n\t\t\t<div class=\"elementor-widget-wrap elementor-element-populated\">\n\t\t\t\t\t\t<div class=\"elementor-element elementor-element-9876e3e elementor-widget elementor-widget-image\" data-id=\"9876e3e\" data-element_type=\"widget\" data-e-type=\"widget\" data-widget_type=\"image.default\">\n\t\t\t\t<div class=\"elementor-widget-container\">\n\t\t\t\t\t\t\t\t\t\t\t\t\t\t\t\t<a href=\"https:\/\/www.gulahund.de\/\" target=\"_blank\">\n\t\t\t\t\t\t\t<img fetchpriority=\"high\" decoding=\"async\" width=\"240\" height=\"400\" src=\"https:\/\/hundetreff.eu\/wp-content\/uploads\/2019\/06\/1494423883.png\" class=\"attachment-large size-large wp-image-308\" alt=\"\" srcset=\"https:\/\/hundetreff.eu\/wp-content\/uploads\/2019\/06\/1494423883.png 240w, https:\/\/hundetreff.eu\/wp-content\/uploads\/2019\/06\/1494423883-180x300.png 180w\" sizes=\"(max-width: 240px) 100vw, 240px\" \/>\t\t\t\t\t\t\t\t<\/a>\n\t\t\t\t\t\t\t\t\t\t\t\t\t\t\t<\/div>\n\t\t\t\t<\/div>\n\t\t\t\t\t<\/div>\n\t\t<\/div>\n\t\t\t\t<div class=\"elementor-column elementor-col-50 elementor-top-column elementor-element elementor-element-46ff32c\" data-id=\"46ff32c\" data-element_type=\"column\" data-e-type=\"column\">\n\t\t\t<div class=\"elementor-widget-wrap elementor-element-populated\">\n\t\t\t\t\t\t<div class=\"elementor-element elementor-element-98bf435 elementor-widget elementor-widget-heading\" data-id=\"98bf435\" data-element_type=\"widget\" data-e-type=\"widget\" data-widget_type=\"heading.default\">\n\t\t\t\t<div class=\"elementor-widget-container\">\n\t\t\t\t\t<h2 class=\"elementor-heading-title elementor-size-default\">Gesundheit\n<\/h2>\t\t\t\t<\/div>\n\t\t\t\t<\/div>\n\t\t\t\t<div class=\"elementor-element elementor-element-dbca266 elementor-widget elementor-widget-text-editor\" data-id=\"dbca266\" data-element_type=\"widget\" data-e-type=\"widget\" data-widget_type=\"text-editor.default\">\n\t\t\t\t<div class=\"elementor-widget-container\">\n\t\t\t\t\t\t\t\t\t<p><a href=\"https:\/\/www.erste-hilfe-beim-hund.de\/cgi-php\/rel00a.prod\/joomla\/Joomla_1.6\/index.php\" target=\"_blank\" rel=\"noopener\">ERSTE HILFE BEIM HUND<\/a><\/p>\t\t\t\t\t\t\t\t<\/div>\n\t\t\t\t<\/div>\n\t\t\t\t<div class=\"elementor-element elementor-element-d16c4d4 elementor-widget elementor-widget-heading\" data-id=\"d16c4d4\" data-element_type=\"widget\" data-e-type=\"widget\" data-widget_type=\"heading.default\">\n\t\t\t\t<div class=\"elementor-widget-container\">\n\t\t\t\t\t<h2 class=\"elementor-heading-title elementor-size-default\">Urlaub<\/h2>\t\t\t\t<\/div>\n\t\t\t\t<\/div>\n\t\t\t\t<div class=\"elementor-element elementor-element-c99fb54 elementor-widget elementor-widget-text-editor\" data-id=\"c99fb54\" data-element_type=\"widget\" data-e-type=\"widget\" data-widget_type=\"text-editor.default\">\n\t\t\t\t<div class=\"elementor-widget-container\">\n\t\t\t\t\t\t\t\t\t<p><a href=\"https:\/\/www.hundeurlaub.de\/\" target=\"_blank\" rel=\"noopener\">Urlaub mit Hund in Ferienwohnung oder Ferienhaus<\/a><\/p>\t\t\t\t\t\t\t\t<\/div>\n\t\t\t\t<\/div>\n\t\t\t\t<div class=\"elementor-element elementor-element-97f078b elementor-widget elementor-widget-heading\" data-id=\"97f078b\" data-element_type=\"widget\" data-e-type=\"widget\" data-widget_type=\"heading.default\">\n\t\t\t\t<div class=\"elementor-widget-container\">\n\t\t\t\t\t<h2 class=\"elementor-heading-title elementor-size-default\">Hundeerziehung und Besch\u00e4ftigung<\/h2>\t\t\t\t<\/div>\n\t\t\t\t<\/div>\n\t\t\t\t<div class=\"elementor-element elementor-element-5d4fc27 elementor-widget elementor-widget-text-editor\" data-id=\"5d4fc27\" data-element_type=\"widget\" data-e-type=\"widget\" data-widget_type=\"text-editor.default\">\n\t\t\t\t<div class=\"elementor-widget-container\">\n\t\t\t\t\t\t\t\t\t<p><a href=\"https:\/\/www.denktier.at\/blog\" target=\"_blank\" rel=\"noopener\">Erziehungstipps<\/a><br \/><a href=\"https:\/\/www.denktier.at\/gratis\" target=\"_blank\" rel=\"noopener\">Training<\/a><br \/><a href=\"https:\/\/wissen-hund.de\/tellington-touch\/\" target=\"_blank\" rel=\"noopener\">Tellington Touch<\/a><\/p><p><a href=\"https:\/\/www.youtube.com\/watch?v=Vjq44KbzPdo\">Mantrailing<\/a><\/p><p><a href=\"https:\/\/youtu.be\/cMRm6GQfVOc\">Impulskontrolle Hund \u2013 So lernt dein Hund Selbstbeherrschung<\/a><\/p>\t\t\t\t\t\t\t\t<\/div>\n\t\t\t\t<\/div>\n\t\t\t\t\t<\/div>\n\t\t<\/div>\n\t\t\t\t\t<\/div>\n\t\t<\/section>\n\t\t\t\t<section class=\"elementor-section elementor-top-section elementor-element elementor-element-12487d3 elementor-section-boxed elementor-section-height-default elementor-section-height-default\" data-id=\"12487d3\" data-element_type=\"section\" data-e-type=\"section\">\n\t\t\t\t\t\t<div class=\"elementor-container elementor-column-gap-default\">\n\t\t\t\t\t<div class=\"elementor-column elementor-col-100 elementor-top-column elementor-element elementor-element-9e94c82\" data-id=\"9e94c82\" data-element_type=\"column\" data-e-type=\"column\">\n\t\t\t<div class=\"elementor-widget-wrap elementor-element-populated\">\n\t\t\t\t\t\t<div class=\"elementor-element elementor-element-2c27cca elementor-widget elementor-widget-heading\" data-id=\"2c27cca\" data-element_type=\"widget\" data-e-type=\"widget\" data-widget_type=\"heading.default\">\n\t\t\t\t<div class=\"elementor-widget-container\">\n\t\t\t\t\t<h2 class=\"elementor-heading-title elementor-size-default\">Gegen Giftk\u00f6der<\/h2>\t\t\t\t<\/div>\n\t\t\t\t<\/div>\n\t\t\t\t\t<\/div>\n\t\t<\/div>\n\t\t\t\t\t<\/div>\n\t\t<\/section>\n\t\t\t\t<section class=\"elementor-section elementor-top-section elementor-element elementor-element-b79eb89 elementor-section-boxed elementor-section-height-default elementor-section-height-default\" data-id=\"b79eb89\" data-element_type=\"section\" data-e-type=\"section\">\n\t\t\t\t\t\t<div class=\"elementor-container elementor-column-gap-default\">\n\t\t\t\t\t<div class=\"elementor-column elementor-col-100 elementor-top-column elementor-element elementor-element-2cbb7c4\" data-id=\"2cbb7c4\" data-element_type=\"column\" data-e-type=\"column\">\n\t\t\t<div class=\"elementor-widget-wrap elementor-element-populated\">\n\t\t\t\t\t\t<div class=\"elementor-element elementor-element-5728c69 elementor-widget elementor-widget-text-editor\" data-id=\"5728c69\" data-element_type=\"widget\" data-e-type=\"widget\" data-widget_type=\"text-editor.default\">\n\t\t\t\t<div class=\"elementor-widget-container\">\n\t\t\t\t\t\t\t\t\t<p><a href=\"https:\/\/www.dogguardapp.de\/\" target=\"_blank\" rel=\"noopener\">Die \u201eDog Guard\u201c-App &#8211; Deinen Hund Gegen Giftk\u00f6der sch\u00fctzen<\/a><br \/><a href=\"https:\/\/petleo.net\/\" target=\"_blank\" rel=\"noopener\">PetLEO: Giftk\u00f6der Alarm<\/a><br \/><a href=\"https:\/\/youtu.be\/rTdJqbxRNY0\" target=\"_blank\" rel=\"noopener\">Anti Giftk\u00f6der Training<\/a><\/p>\t\t\t\t\t\t\t\t<\/div>\n\t\t\t\t<\/div>\n\t\t\t\t\t<\/div>\n\t\t<\/div>\n\t\t\t\t\t<\/div>\n\t\t<\/section>\n\t\t\t\t<section class=\"elementor-section elementor-top-section elementor-element elementor-element-ea86fc1 elementor-section-boxed elementor-section-height-default elementor-section-height-default\" data-id=\"ea86fc1\" data-element_type=\"section\" data-e-type=\"section\">\n\t\t\t\t\t\t<div class=\"elementor-container elementor-column-gap-default\">\n\t\t\t\t\t<div class=\"elementor-column elementor-col-100 elementor-top-column elementor-element elementor-element-93eece3\" data-id=\"93eece3\" data-element_type=\"column\" data-e-type=\"column\">\n\t\t\t<div class=\"elementor-widget-wrap elementor-element-populated\">\n\t\t\t\t\t\t<div class=\"elementor-element elementor-element-3a07d54 elementor-widget elementor-widget-heading\" data-id=\"3a07d54\" data-element_type=\"widget\" data-e-type=\"widget\" data-widget_type=\"heading.default\">\n\t\t\t\t<div class=\"elementor-widget-container\">\n\t\t\t\t\t<h2 class=\"elementor-heading-title elementor-size-default\">Hundetrainer\/-in<\/h2>\t\t\t\t<\/div>\n\t\t\t\t<\/div>\n\t\t\t\t\t<\/div>\n\t\t<\/div>\n\t\t\t\t\t<\/div>\n\t\t<\/section>\n\t\t\t\t<section class=\"elementor-section elementor-top-section elementor-element elementor-element-dcf41b5 elementor-section-boxed elementor-section-height-default elementor-section-height-default\" data-id=\"dcf41b5\" data-element_type=\"section\" data-e-type=\"section\">\n\t\t\t\t\t\t<div class=\"elementor-container elementor-column-gap-default\">\n\t\t\t\t\t<div class=\"elementor-column elementor-col-100 elementor-top-column elementor-element elementor-element-389f280\" data-id=\"389f280\" data-element_type=\"column\" data-e-type=\"column\">\n\t\t\t<div class=\"elementor-widget-wrap elementor-element-populated\">\n\t\t\t\t\t\t<div class=\"elementor-element elementor-element-9cffc20 elementor-widget elementor-widget-text-editor\" data-id=\"9cffc20\" data-element_type=\"widget\" data-e-type=\"widget\" data-widget_type=\"text-editor.default\">\n\t\t\t\t<div class=\"elementor-widget-container\">\n\t\t\t\t\t\t\t\t\t<p><a href=\"https:\/\/hundefit.at\/\" target=\"_blank\" rel=\"noopener\">Hundefit<\/a><\/p>\t\t\t\t\t\t\t\t<\/div>\n\t\t\t\t<\/div>\n\t\t\t\t\t<\/div>\n\t\t<\/div>\n\t\t\t\t\t<\/div>\n\t\t<\/section>\n\t\t\t\t<\/div>\n\t\t","protected":false},"excerpt":{"rendered":"<p>Gesundheit ERSTE HILFE BEIM HUND Urlaub Urlaub mit Hund in Ferienwohnung oder Ferienhaus Hundeerziehung und Besch\u00e4ftigung ErziehungstippsTrainingTellington Touch Mantrailing Impulskontrolle Hund \u2013 So lernt dein Hund Selbstbeherrschung Gegen Giftk\u00f6der Die \u201eDog Guard\u201c-App &#8211; Deinen Hund Gegen Giftk\u00f6der sch\u00fctzenPetLEO: Giftk\u00f6der AlarmAnti Giftk\u00f6der Training Hundetrainer\/-in Hundefit<\/p>\n","protected":false},"author":1,"featured_media":0,"parent":0,"menu_order":27,"comment_status":"closed","ping_status":"closed","template":"","meta":{"two_page_speed":[],"footnotes":""},"class_list":["post-301","page","type-page","status-publish","hentry"],"_links":{"self":[{"href":"https:\/\/hundetreff.eu\/index.php\/wp-json\/wp\/v2\/pages\/301","targetHints":{"allow":["GET"]}}],"collection":[{"href":"https:\/\/hundetreff.eu\/index.php\/wp-json\/wp\/v2\/pages"}],"about":[{"href":"https:\/\/hundetreff.eu\/index.php\/wp-json\/wp\/v2\/types\/page"}],"author":[{"embeddable":true,"href":"https:\/\/hundetreff.eu\/index.php\/wp-json\/wp\/v2\/users\/1"}],"replies":[{"embeddable":true,"href":"https:\/\/hundetreff.eu\/index.php\/wp-json\/wp\/v2\/comments?post=301"}],"version-history":[{"count":22,"href":"https:\/\/hundetreff.eu\/index.php\/wp-json\/wp\/v2\/pages\/301\/revisions"}],"predecessor-version":[{"id":2659,"href":"https:\/\/hundetreff.eu\/index.php\/wp-json\/wp\/v2\/pages\/301\/revisions\/2659"}],"wp:attachment":[{"href":"https:\/\/hundetreff.eu\/index.php\/wp-json\/wp\/v2\/media?parent=301"}],"curies":[{"name":"wp","href":"https:\/\/api.w.org\/{rel}","templated":true}]}}