{"id":58,"date":"2019-04-22T18:26:34","date_gmt":"2019-04-22T16:26:34","guid":{"rendered":"http:\/\/hundetreff.eu\/?page_id=58"},"modified":"2026-04-08T00:27:02","modified_gmt":"2026-04-07T22:27:02","slug":"elementor-58","status":"publish","type":"page","link":"https:\/\/hundetreff.eu\/","title":{"rendered":"Home"},"content":{"rendered":"\t\t<div data-elementor-type=\"wp-post\" data-elementor-id=\"58\" class=\"elementor elementor-58\">\n\t\t\t\t\t\t<section class=\"elementor-section elementor-top-section elementor-element elementor-element-124e010 elementor-section-full_width elementor-section-height-default elementor-section-height-default\" data-id=\"124e010\" data-element_type=\"section\" data-e-type=\"section\">\n\t\t\t\t\t\t<div class=\"elementor-container elementor-column-gap-default\">\n\t\t\t\t\t<div class=\"elementor-column elementor-col-100 elementor-top-column elementor-element elementor-element-425446d\" data-id=\"425446d\" data-element_type=\"column\" data-e-type=\"column\">\n\t\t\t<div class=\"elementor-widget-wrap\">\n\t\t\t\t\t\t\t<\/div>\n\t\t<\/div>\n\t\t\t\t\t<\/div>\n\t\t<\/section>\n\t\t\t\t<section class=\"elementor-section elementor-top-section elementor-element elementor-element-b4fce9b elementor-section-boxed elementor-section-height-default elementor-section-height-default\" data-id=\"b4fce9b\" data-element_type=\"section\" data-e-type=\"section\">\n\t\t\t\t\t\t<div class=\"elementor-container elementor-column-gap-default\">\n\t\t\t\t\t<div class=\"elementor-column elementor-col-100 elementor-top-column elementor-element elementor-element-22682b7\" data-id=\"22682b7\" data-element_type=\"column\" data-e-type=\"column\">\n\t\t\t<div class=\"elementor-widget-wrap elementor-element-populated\">\n\t\t\t\t\t\t<div class=\"elementor-element elementor-element-2ad39e0 elementor-arrows-position-inside elementor-pagination-position-outside elementor-widget elementor-widget-image-carousel\" data-id=\"2ad39e0\" data-element_type=\"widget\" data-e-type=\"widget\" data-settings=\"{&quot;slides_to_show&quot;:&quot;1&quot;,&quot;_animation&quot;:&quot;none&quot;,&quot;navigation&quot;:&quot;both&quot;,&quot;autoplay&quot;:&quot;yes&quot;,&quot;pause_on_hover&quot;:&quot;yes&quot;,&quot;pause_on_interaction&quot;:&quot;yes&quot;,&quot;autoplay_speed&quot;:5000,&quot;infinite&quot;:&quot;yes&quot;,&quot;effect&quot;:&quot;slide&quot;,&quot;speed&quot;:500}\" data-widget_type=\"image-carousel.default\">\n\t\t\t\t<div class=\"elementor-widget-container\">\n\t\t\t\t\t\t\t<div class=\"elementor-image-carousel-wrapper swiper\" role=\"region\" aria-roledescription=\"carousel\" aria-label=\"Bild Karussell\" dir=\"ltr\">\n\t\t\t<div class=\"elementor-image-carousel swiper-wrapper\" aria-live=\"off\">\n\t\t\t\t\t\t\t\t<div class=\"swiper-slide\" role=\"group\" aria-roledescription=\"slide\" aria-label=\"1 von 7\"><figure class=\"swiper-slide-inner\"><img decoding=\"async\" class=\"swiper-slide-image\" src=\"https:\/\/hundetreff.eu\/wp-content\/uploads\/2026\/04\/b03.jpeg\" alt=\"b03\" \/><\/figure><\/div><div class=\"swiper-slide\" role=\"group\" aria-roledescription=\"slide\" aria-label=\"2 von 7\"><figure class=\"swiper-slide-inner\"><img decoding=\"async\" class=\"swiper-slide-image\" src=\"https:\/\/hundetreff.eu\/wp-content\/uploads\/2026\/03\/aron.png\" alt=\"aron\" \/><\/figure><\/div><div class=\"swiper-slide\" role=\"group\" aria-roledescription=\"slide\" aria-label=\"3 von 7\"><figure class=\"swiper-slide-inner\"><img decoding=\"async\" class=\"swiper-slide-image\" src=\"https:\/\/hundetreff.eu\/wp-content\/uploads\/2025\/09\/o03.jpeg\" alt=\"o03\" \/><\/figure><\/div><div class=\"swiper-slide\" role=\"group\" aria-roledescription=\"slide\" aria-label=\"4 von 7\"><figure class=\"swiper-slide-inner\"><img decoding=\"async\" class=\"swiper-slide-image\" src=\"https:\/\/hundetreff.eu\/wp-content\/uploads\/2025\/03\/b07.jpeg\" alt=\"b07\" \/><\/figure><\/div><div class=\"swiper-slide\" role=\"group\" aria-roledescription=\"slide\" aria-label=\"5 von 7\"><figure class=\"swiper-slide-inner\"><img decoding=\"async\" class=\"swiper-slide-image\" src=\"https:\/\/hundetreff.eu\/wp-content\/uploads\/2025\/02\/filou.jpeg\" alt=\"filou\" \/><\/figure><\/div><div class=\"swiper-slide\" role=\"group\" aria-roledescription=\"slide\" aria-label=\"6 von 7\"><figure class=\"swiper-slide-inner\"><img decoding=\"async\" class=\"swiper-slide-image\" src=\"https:\/\/hundetreff.eu\/wp-content\/uploads\/2025\/02\/alle.jpeg\" alt=\"alle\" \/><\/figure><\/div><div class=\"swiper-slide\" role=\"group\" aria-roledescription=\"slide\" aria-label=\"7 von 7\"><figure class=\"swiper-slide-inner\"><img decoding=\"async\" class=\"swiper-slide-image\" src=\"https:\/\/hundetreff.eu\/wp-content\/uploads\/2025\/01\/b02.jpeg\" alt=\"b02\" \/><\/figure><\/div>\t\t\t<\/div>\n\t\t\t\t\t\t\t\t\t\t\t\t<div class=\"elementor-swiper-button elementor-swiper-button-prev\" role=\"button\" tabindex=\"0\">\n\t\t\t\t\t\t<i aria-hidden=\"true\" class=\"eicon-chevron-left\"><\/i>\t\t\t\t\t<\/div>\n\t\t\t\t\t<div class=\"elementor-swiper-button elementor-swiper-button-next\" role=\"button\" tabindex=\"0\">\n\t\t\t\t\t\t<i aria-hidden=\"true\" class=\"eicon-chevron-right\"><\/i>\t\t\t\t\t<\/div>\n\t\t\t\t\n\t\t\t\t\t\t\t\t\t<div class=\"swiper-pagination\"><\/div>\n\t\t\t\t\t\t\t\t\t<\/div>\n\t\t\t\t\t\t<\/div>\n\t\t\t\t<\/div>\n\t\t\t\t\t<\/div>\n\t\t<\/div>\n\t\t\t\t\t<\/div>\n\t\t<\/section>\n\t\t\t\t<section class=\"elementor-section elementor-top-section elementor-element elementor-element-283e99a elementor-section-boxed elementor-section-height-default elementor-section-height-default\" data-id=\"283e99a\" data-element_type=\"section\" data-e-type=\"section\">\n\t\t\t\t\t\t<div class=\"elementor-container elementor-column-gap-default\">\n\t\t\t\t\t<div class=\"elementor-column elementor-col-100 elementor-top-column elementor-element elementor-element-7a4ec3e\" data-id=\"7a4ec3e\" data-element_type=\"column\" data-e-type=\"column\">\n\t\t\t<div class=\"elementor-widget-wrap elementor-element-populated\">\n\t\t\t\t\t\t\t<\/div>\n\t\t<\/div>\n\t\t\t\t\t<\/div>\n\t\t<\/section>\n\t\t\t\t<section class=\"elementor-section elementor-top-section elementor-element elementor-element-0ed5ec6 elementor-section-boxed elementor-section-height-default elementor-section-height-default\" data-id=\"0ed5ec6\" data-element_type=\"section\" data-e-type=\"section\">\n\t\t\t\t\t\t<div class=\"elementor-container elementor-column-gap-default\">\n\t\t\t\t\t<div class=\"elementor-column elementor-col-100 elementor-top-column elementor-element elementor-element-28a6bbf\" data-id=\"28a6bbf\" data-element_type=\"column\" data-e-type=\"column\">\n\t\t\t<div class=\"elementor-widget-wrap elementor-element-populated\">\n\t\t\t\t\t\t<div class=\"elementor-element elementor-element-89351d9 elementor-widget elementor-widget-text-editor\" data-id=\"89351d9\" data-element_type=\"widget\" data-e-type=\"widget\" data-widget_type=\"text-editor.default\">\n\t\t\t\t<div class=\"elementor-widget-container\">\n\t\t\t\t\t\t\t\t\tHerzlich willkommen beim Verein \u201eHundetreff Traun-Ufer\u201c, dem Verein f\u00fcr interessierte Hundefreunde und ihre vierbeinigen Freunde und Freundinnen.\nUnsere Philosophie ist, f\u00fcr die Hunde einen sicheren Ort zu schaffen, an dem sie sich frei unter ihresgleichen bewegen und miteinander artgerecht kommunizieren k\u00f6nnen. Nat\u00fcrlich k\u00f6nnte man auch einfach sagen, wir betreuen die Freilaufzone neben dem Fitnessparcours Stadl-Paura, aber unser Angebot ist umfassender.\nW\u00e4hrend es in der Hundeschule um den Ernst des Hundelebens geht, bieten wir sozusagen ein Angebot zur sinnvollen Freizeitgestaltung und Festigung des in der Hundeschule Erlernten, eine Begegnungszone sowohl f\u00fcr die Hunde als auch die Besitzer und Besitzerinnen.\n<ul>\n \t<li>\u00dcber die WhatsApp Gruppe, Email oder Facebook k\u00f6nnen Erfahrungen ausgetauscht und gemeinsame Begegnungen in der Freilaufzone vereinbart werden. Die Hunde, Besitzer und Besitzerinnen kennen sich und es bilden sich Spielgemeinschaften zwischen den Hunden, die Herumtoben unter kontrollierten Bedingungen erm\u00f6glichen.<\/li>\n \t<li>Bei unseren traditionellen Gruppenspazierg\u00e4ngen und Ausfl\u00fcgen haben die Hunde die M\u00f6glichkeit, ihre sozialen Kompetenzen stressfrei und eigenst\u00e4ndig zu \u00fcben. Sie k\u00f6nnen gelassen und ohne Zeitdruck agieren, w\u00e4hrend die Leine ihnen Sicherheit bietet und ihnen bei Bedarf erlaubt, Abstand zu halten oder parallel zueinander zu gehen. In Anwesenheit von Artgenossen erkunden die Vierbeiner entspannt ihre Umgebung und k\u00f6nnen sich ohne Zwang mit anderen Hunden auseinandersetzen. Sie beobachten, untersuchen Geruchsspuren und entspannen dabei eigenst\u00e4ndig. Durch diese Erfahrungen lernen die Hunde, ihre Kommunikation vollst\u00e4ndig einzusetzen und die Signale anderer Hunde zu verstehen. Dadurch sind sie in der Lage, sich h\u00f6flich anderen Hunden zu n\u00e4hern und die notwendigen Abst\u00e4nde eigenst\u00e4ndig einzuhalten.<br>Gleichzeitig verbessern die Teilnehmer und Teilnehmerinnen der Gruppenspazierg\u00e4nge ihre F\u00e4higkeit, die K\u00f6rpersprache der Hunde zu verstehen und ihre Kompetenzen im Umgang mit entspannten Hundebegegnungen zu erweitern. Indem sie ihr Vertrauen in sich selbst und ihren Vierbeiner st\u00e4rken, k\u00f6nnen die Menschen sich zur\u00fccknehmen und ihrem Hund ein gewisses Ma\u00df an Kontrolle \u00fcberlassen. Es ist faszinierend zu beobachten, wie die Hunde ihr eigenes Tempo bestimmen, sich behutsam an neue Situationen herantasten und dabei ihre eigenen Signale und Strategien testen und entwickeln.<\/li>\n \t<li>Durch die gemeinsame Fortbildung konnten wir schon so manches bewirken. Wir haben Seminare besucht, unsere Hundetreff-Bibliothek erweitert und Lernvideos angesehen und anschlie\u00dfend dar\u00fcber diskutiert. Die Themen waren Erste Hilfe bei Hunden, stressfreie Bew\u00e4ltigung von Alltagssituationen in der Hundehaltung, Erziehung und Beziehungsarbeit in den Hunde-Menschen-Teams, Verstehen der Hundesprache sowie Calming Signals, Impulskontrolle, Hundefitness, Ern\u00e4hrung und viele mehr.<\/li>\n \t<li>Spa\u00df auf 4 Pfoten \u2013 unter diesem Motto finden neben den Ausfl\u00fcgen und Gruppenspazierg\u00e4ngen viele andere interessante Aktivit\u00e4ten statt, da ist sicher f\u00fcr dich auch etwas dabei. Die geplanten Termine findest du <a href=\"http:\/\/hundetreff.eu\/index.php\/spass-auf-4-pfoten\/\"><strong>hier<\/strong><\/a>.<\/li>\n \t<li>Beim Stammtisch findet ein Erfahrungsaustausch unter den Besitzern und Besitzerinnen statt und es werden die Aktivit\u00e4ten besprochen. Der gesellschaftliche Faktor darf dabei nat\u00fcrlich auch nicht zu kurz kommen.<\/li>\n \t<li>Wir danken allen \u00a0Firmen, die uns unterst\u00fctzen, auch indem sie f\u00fcr unsere Mitglieder Rabatte bzw. Sonderpreise auf ihre Produkte und Dienstleistungen anbieten.<\/li>\n \t<li>Gelegentlich planen wir auch gemeinsame Aktivit\u00e4ten ohne unsere Hunde, zB eine Fahrt zu der Kabarett-Show vom Hundetrainer Martin R\u00fctter in Linz, Ausflug ins Erdbeerland, Minigolf, Kegeln oder Asphaltschie\u00dfen.<\/li>\n<\/ul>\nSchau einfach mal vorbei. Wir freuen uns darauf, dich mit Hund oder H\u00fcndin kennenzulernen.\t\t\t\t\t\t\t\t<\/div>\n\t\t\t\t<\/div>\n\t\t\t\t\t<\/div>\n\t\t<\/div>\n\t\t\t\t\t<\/div>\n\t\t<\/section>\n\t\t\t\t<\/div>\n\t\t","protected":false},"excerpt":{"rendered":"<p>Herzlich willkommen beim Verein \u201eHundetreff Traun-Ufer\u201c, dem Verein f\u00fcr interessierte Hundefreunde und ihre vierbeinigen Freunde und Freundinnen. Unsere Philosophie ist, f\u00fcr die Hunde einen sicheren Ort zu schaffen, an dem sie sich frei unter ihresgleichen bewegen und miteinander artgerecht kommunizieren k\u00f6nnen. Nat\u00fcrlich k\u00f6nnte man auch einfach sagen, wir betreuen die Freilaufzone neben dem Fitnessparcours Stadl-Paura, [&hellip;]<\/p>\n","protected":false},"author":1,"featured_media":0,"parent":0,"menu_order":0,"comment_status":"closed","ping_status":"closed","template":"","meta":{"footnotes":""},"class_list":["post-58","page","type-page","status-publish","hentry"],"_links":{"self":[{"href":"https:\/\/hundetreff.eu\/index.php\/wp-json\/wp\/v2\/pages\/58","targetHints":{"allow":["GET"]}}],"collection":[{"href":"https:\/\/hundetreff.eu\/index.php\/wp-json\/wp\/v2\/pages"}],"about":[{"href":"https:\/\/hundetreff.eu\/index.php\/wp-json\/wp\/v2\/types\/page"}],"author":[{"embeddable":true,"href":"https:\/\/hundetreff.eu\/index.php\/wp-json\/wp\/v2\/users\/1"}],"replies":[{"embeddable":true,"href":"https:\/\/hundetreff.eu\/index.php\/wp-json\/wp\/v2\/comments?post=58"}],"version-history":[{"count":256,"href":"https:\/\/hundetreff.eu\/index.php\/wp-json\/wp\/v2\/pages\/58\/revisions"}],"predecessor-version":[{"id":2928,"href":"https:\/\/hundetreff.eu\/index.php\/wp-json\/wp\/v2\/pages\/58\/revisions\/2928"}],"wp:attachment":[{"href":"https:\/\/hundetreff.eu\/index.php\/wp-json\/wp\/v2\/media?parent=58"}],"curies":[{"name":"wp","href":"https:\/\/api.w.org\/{rel}","templated":true}]}}