{"id":621,"date":"2020-02-16T20:41:09","date_gmt":"2020-02-16T19:41:09","guid":{"rendered":"http:\/\/hundetreff.eu\/?page_id=621"},"modified":"2023-11-12T21:19:30","modified_gmt":"2023-11-12T20:19:30","slug":"spass-auf-4-pfoten","status":"publish","type":"page","link":"https:\/\/hundetreff.eu\/index.php\/spass-auf-4-pfoten\/","title":{"rendered":"Spa\u00df auf 4 Pfoten"},"content":{"rendered":"\t\t<div data-elementor-type=\"wp-page\" data-elementor-id=\"621\" class=\"elementor elementor-621\">\n\t\t\t\t\t\t<section class=\"elementor-section elementor-top-section elementor-element elementor-element-3471693 elementor-section-boxed elementor-section-height-default elementor-section-height-default\" data-id=\"3471693\" data-element_type=\"section\" data-e-type=\"section\">\n\t\t\t\t\t\t<div class=\"elementor-container elementor-column-gap-default\">\n\t\t\t\t\t<div class=\"elementor-column elementor-col-100 elementor-top-column elementor-element elementor-element-7832345\" data-id=\"7832345\" data-element_type=\"column\" data-e-type=\"column\">\n\t\t\t<div class=\"elementor-widget-wrap elementor-element-populated\">\n\t\t\t\t\t\t\t<\/div>\n\t\t<\/div>\n\t\t\t\t\t<\/div>\n\t\t<\/section>\n\t\t\t\t<section class=\"elementor-section elementor-top-section elementor-element elementor-element-c58c2c8 elementor-section-boxed elementor-section-height-default elementor-section-height-default\" data-id=\"c58c2c8\" data-element_type=\"section\" data-e-type=\"section\">\n\t\t\t\t\t\t<div class=\"elementor-container elementor-column-gap-default\">\n\t\t\t\t\t<div class=\"elementor-column elementor-col-100 elementor-top-column elementor-element elementor-element-21afd2d\" data-id=\"21afd2d\" data-element_type=\"column\" data-e-type=\"column\">\n\t\t\t<div class=\"elementor-widget-wrap elementor-element-populated\">\n\t\t\t\t\t\t<div class=\"elementor-element elementor-element-05f1ae3 elementor-widget elementor-widget-text-editor\" data-id=\"05f1ae3\" data-element_type=\"widget\" data-e-type=\"widget\" data-widget_type=\"text-editor.default\">\n\t\t\t\t<div class=\"elementor-widget-container\">\n\t\t\t\t\t\t\t\t\t<p>Wir haben ein sehr abwechslungsreiches Programm f\u00fcr Euch zusammengestellt und freuen uns schon darauf!<\/p>\t\t\t\t\t\t\t\t<\/div>\n\t\t\t\t<\/div>\n\t\t\t\t\t<\/div>\n\t\t<\/div>\n\t\t\t\t\t<\/div>\n\t\t<\/section>\n\t\t\t\t<section class=\"elementor-section elementor-top-section elementor-element elementor-element-8755e95 elementor-section-boxed elementor-section-height-default elementor-section-height-default\" data-id=\"8755e95\" data-element_type=\"section\" data-e-type=\"section\">\n\t\t\t\t\t\t<div class=\"elementor-container elementor-column-gap-default\">\n\t\t\t\t\t<div class=\"elementor-column elementor-col-100 elementor-top-column elementor-element elementor-element-74d2c5e\" data-id=\"74d2c5e\" data-element_type=\"column\" data-e-type=\"column\">\n\t\t\t<div class=\"elementor-widget-wrap elementor-element-populated\">\n\t\t\t\t\t\t\t<\/div>\n\t\t<\/div>\n\t\t\t\t\t<\/div>\n\t\t<\/section>\n\t\t\t\t<section class=\"elementor-section elementor-top-section elementor-element elementor-element-4aea957 elementor-section-boxed elementor-section-height-default elementor-section-height-default\" data-id=\"4aea957\" data-element_type=\"section\" data-e-type=\"section\">\n\t\t\t\t\t\t<div class=\"elementor-container elementor-column-gap-default\">\n\t\t\t\t\t<div class=\"elementor-column elementor-col-100 elementor-top-column elementor-element elementor-element-57f6b38\" data-id=\"57f6b38\" data-element_type=\"column\" data-e-type=\"column\">\n\t\t\t<div class=\"elementor-widget-wrap elementor-element-populated\">\n\t\t\t\t\t\t<div class=\"elementor-element elementor-element-9038a1d elementor-widget elementor-widget-text-editor\" data-id=\"9038a1d\" data-element_type=\"widget\" data-e-type=\"widget\" data-widget_type=\"text-editor.default\">\n\t\t\t\t<div class=\"elementor-widget-container\">\n\t\t\t\t\t\t\t\t\t<p>Das Programm ist f\u00fcr Vereinsmitglieder kostenlos (soweit nicht anders angegeben), schnuppern ist nach Absprache m\u00f6glich. Kurzfristige Termin\u00e4nderungen sind m\u00f6glich und werden \u00fcber die Mitglieder-WhatsApp-Gruppe bekanntgegeben. Gerne gibt Euch unser Obmann, Herr Stefan Olah unter 0699\/14022691 n\u00e4here Ausk\u00fcnfte. Die Kosten (Fahrt, Verpflegung, Eintritte\u2026) sind selbst zu bezahlen. Die Besitzer und Besitzerinnen sind f\u00fcr ihre Hunde verantwortlich, der Verein kann hier keine Haftung \u00fcbernehmen. Wir freuen uns auf eine sch\u00f6ne Zeit mit Euch!<\/p>\t\t\t\t\t\t\t\t<\/div>\n\t\t\t\t<\/div>\n\t\t\t\t\t<\/div>\n\t\t<\/div>\n\t\t\t\t\t<\/div>\n\t\t<\/section>\n\t\t\t\t<\/div>\n\t\t","protected":false},"excerpt":{"rendered":"<p>Wir haben ein sehr abwechslungsreiches Programm f\u00fcr Euch zusammengestellt und freuen uns schon darauf! < Oktober November Dezember > &laquo; &raquo; Liste Monat 1818. November 2023 Gruppenspaziergang 16:00 -17:00 18\/11\/2023 Den Treffpunkt, die Route sowie die voraussichtliche L\u00e4nge des Weges geben wir in der WhatsApp-Gruppe bekannt. 2525. November 2023 Gruppenspaziergang 16:00 -17:00 25\/11\/2023 Den Treffpunkt, [&hellip;]<\/p>\n","protected":false},"author":1,"featured_media":0,"parent":0,"menu_order":0,"comment_status":"closed","ping_status":"closed","template":"","meta":{"footnotes":""},"class_list":["post-621","page","type-page","status-publish","hentry"],"_links":{"self":[{"href":"https:\/\/hundetreff.eu\/index.php\/wp-json\/wp\/v2\/pages\/621","targetHints":{"allow":["GET"]}}],"collection":[{"href":"https:\/\/hundetreff.eu\/index.php\/wp-json\/wp\/v2\/pages"}],"about":[{"href":"https:\/\/hundetreff.eu\/index.php\/wp-json\/wp\/v2\/types\/page"}],"author":[{"embeddable":true,"href":"https:\/\/hundetreff.eu\/index.php\/wp-json\/wp\/v2\/users\/1"}],"replies":[{"embeddable":true,"href":"https:\/\/hundetreff.eu\/index.php\/wp-json\/wp\/v2\/comments?post=621"}],"version-history":[{"count":128,"href":"https:\/\/hundetreff.eu\/index.php\/wp-json\/wp\/v2\/pages\/621\/revisions"}],"predecessor-version":[{"id":2593,"href":"https:\/\/hundetreff.eu\/index.php\/wp-json\/wp\/v2\/pages\/621\/revisions\/2593"}],"wp:attachment":[{"href":"https:\/\/hundetreff.eu\/index.php\/wp-json\/wp\/v2\/media?parent=621"}],"curies":[{"name":"wp","href":"https:\/\/api.w.org\/{rel}","templated":true}]}}